{"id":104,"date":"2020-10-04T19:35:41","date_gmt":"2020-10-04T17:35:41","guid":{"rendered":"http:\/\/cms.hermannsdorfers-kontor.de\/?page_id=104"},"modified":"2025-07-30T19:46:02","modified_gmt":"2025-07-30T17:46:02","slug":"buffet-im-glas","status":"publish","type":"page","link":"https:\/\/www.hermannsdorfers-kontor.de\/index.php\/buffet-im-glas\/","title":{"rendered":"Men\u00fc im Glas"},"content":{"rendered":"\n<div class=\"wp-block-columns is-layout-flex wp-container-core-columns-is-layout-9d6595d7 wp-block-columns-is-layout-flex\">\n<div class=\"wp-block-column is-layout-flow wp-block-column-is-layout-flow\">\n<figure class=\"wp-block-image size-large is-resized\"><img fetchpriority=\"high\" decoding=\"async\" width=\"576\" height=\"1024\" src=\"https:\/\/www.hermannsdorfers-kontor.de\/wp-content\/uploads\/2021\/03\/20180315_160058-576x1024.jpg\" alt=\"\" class=\"wp-image-436\" style=\"width:309px;height:549px\" srcset=\"https:\/\/www.hermannsdorfers-kontor.de\/wp-content\/uploads\/2021\/03\/20180315_160058-576x1024.jpg 576w, https:\/\/www.hermannsdorfers-kontor.de\/wp-content\/uploads\/2021\/03\/20180315_160058-169x300.jpg 169w, https:\/\/www.hermannsdorfers-kontor.de\/wp-content\/uploads\/2021\/03\/20180315_160058-768x1365.jpg 768w, https:\/\/www.hermannsdorfers-kontor.de\/wp-content\/uploads\/2021\/03\/20180315_160058-864x1536.jpg 864w, https:\/\/www.hermannsdorfers-kontor.de\/wp-content\/uploads\/2021\/03\/20180315_160058-1152x2048.jpg 1152w, https:\/\/www.hermannsdorfers-kontor.de\/wp-content\/uploads\/2021\/03\/20180315_160058-1140x2027.jpg 1140w, https:\/\/www.hermannsdorfers-kontor.de\/wp-content\/uploads\/2021\/03\/20180315_160058-scaled.jpg 1440w\" sizes=\"(max-width: 576px) 100vw, 576px\" \/><\/figure>\n<\/div>\n\n\n\n<div class=\"wp-block-column is-layout-flow wp-block-column-is-layout-flow\">\n<figure class=\"wp-block-image size-full is-resized\"><img decoding=\"async\" width=\"384\" height=\"682\" src=\"https:\/\/www.hermannsdorfers-kontor.de\/wp-content\/uploads\/2021\/11\/Weckglaeser-21-rotated.jpg\" alt=\"\" class=\"wp-image-1440\" style=\"width:310px;height:551px\" srcset=\"https:\/\/www.hermannsdorfers-kontor.de\/wp-content\/uploads\/2021\/11\/Weckglaeser-21-rotated.jpg 384w, https:\/\/www.hermannsdorfers-kontor.de\/wp-content\/uploads\/2021\/11\/Weckglaeser-21-169x300.jpg 169w\" sizes=\"(max-width: 384px) 100vw, 384px\" \/><\/figure>\n<\/div>\n<\/div>\n\n\n\n<p>Von Apero bis Sardine, von Rehragout \u00fcber Confit de Canard&#8230;..G\u00e4ste kommen \u00fcberraschend? Sie wollen Ihren Lieben Leckeres auftischen? Sie lieben Frisches auf dem Tisch? Lecker <strong>wie aus dem Restaurant<\/strong>. Ohne Kochen &#8230; Und: zu Hause serviert! Unser hausgemachtes Sortiment wird erg\u00e4nzt durch Produkte uns pers\u00f6nlich bekannter Hersteller (Frankreich.)<\/p>\n\n\n\n<ul class=\"wp-block-list\">\n<li>Hier ein Beispiel aus unserem Sortiment, das sich regelm\u00e4\u00dfig \u00e4ndert. Zum Vergewissern, was wir im Moment f\u00fchren k\u00f6nnen Sie uns gerne anrufen. <a href=\"https:\/\/www.hermannsdorfers-kontor.de\/wp-content\/uploads\/2021\/03\/Aktuell-Sortimentsliste_10-21-1.pdf\">Beispielsortiment als PDF<\/a><\/li>\n<\/ul>\n\n\n\n<p>Die Gerichte sind im <strong>Weckglas<\/strong>. Fertig vorbereitet zum <strong>Erhitzen<\/strong> oder kaltgenie\u00dfen! Wir f\u00fchren in unserem kleinen Kontormarkt viele haltbare Leckereien (ohne gro\u00dfe Zutaten- und E-Liste), die sich zum MItnehmen eignen.<\/p>\n","protected":false},"excerpt":{"rendered":"<p>Von Apero bis Sardine, von Rehragout \u00fcber Confit de Canard&#8230;..G\u00e4ste kommen \u00fcberraschend? Sie wollen Ihren Lieben Leckeres auftischen? Sie lieben Frisches auf dem Tisch? Lecker wie aus dem Restaurant. Ohne Kochen &#8230; Und: zu Hause serviert! Unser hausgemachtes Sortiment wird erg\u00e4nzt durch Produkte uns pers\u00f6nlich bekannter Hersteller (Frankreich.) Die Gerichte sind im Weckglas. Fertig vorbereitet zum Erhitzen oder kaltgenie\u00dfen! Wir f\u00fchren in unserem kleinen Kontormarkt viele haltbare Leckereien (ohne gro\u00dfe Zutaten- und E-Liste), die sich zum MItnehmen eignen.<\/p>\n","protected":false},"author":1,"featured_media":0,"parent":0,"menu_order":0,"comment_status":"closed","ping_status":"closed","template":"","meta":{"footnotes":""},"class_list":["post-104","page","type-page","status-publish","hentry"],"acf":[],"_links":{"self":[{"href":"https:\/\/www.hermannsdorfers-kontor.de\/index.php\/wp-json\/wp\/v2\/pages\/104","targetHints":{"allow":["GET"]}}],"collection":[{"href":"https:\/\/www.hermannsdorfers-kontor.de\/index.php\/wp-json\/wp\/v2\/pages"}],"about":[{"href":"https:\/\/www.hermannsdorfers-kontor.de\/index.php\/wp-json\/wp\/v2\/types\/page"}],"author":[{"embeddable":true,"href":"https:\/\/www.hermannsdorfers-kontor.de\/index.php\/wp-json\/wp\/v2\/users\/1"}],"replies":[{"embeddable":true,"href":"https:\/\/www.hermannsdorfers-kontor.de\/index.php\/wp-json\/wp\/v2\/comments?post=104"}],"version-history":[{"count":5,"href":"https:\/\/www.hermannsdorfers-kontor.de\/index.php\/wp-json\/wp\/v2\/pages\/104\/revisions"}],"predecessor-version":[{"id":4531,"href":"https:\/\/www.hermannsdorfers-kontor.de\/index.php\/wp-json\/wp\/v2\/pages\/104\/revisions\/4531"}],"wp:attachment":[{"href":"https:\/\/www.hermannsdorfers-kontor.de\/index.php\/wp-json\/wp\/v2\/media?parent=104"}],"curies":[{"name":"wp","href":"https:\/\/api.w.org\/{rel}","templated":true}]}}