{"id":127,"date":"2020-10-04T19:50:58","date_gmt":"2020-10-04T17:50:58","guid":{"rendered":"http:\/\/cms.hermannsdorfers-kontor.de\/?page_id=127"},"modified":"2021-05-23T23:21:12","modified_gmt":"2021-05-23T21:21:12","slug":"statt-einer-philosophie-antworten","status":"publish","type":"page","link":"https:\/\/www.hermannsdorfers-kontor.de\/index.php\/statt-einer-philosophie-antworten\/","title":{"rendered":"Statt einer Philosophie: Antworten!"},"content":{"rendered":"\n<p><strong>Kontor<\/strong> ist das Dach f\u00fcr unsere Unternehmensbereiche. Kontor, franz\u00f6sisch \u201e<strong>Comptoir<\/strong>\u201c, ist der Ladentisch, \u00fcber den Gesch\u00e4fte offen abgewickelt werden. F\u00fcr uns hei\u00dft das: offen und ehrlich, transparent und klar. So sind unsere <strong>Dienstleistungen<\/strong>. Fair, partnerschaftlich, kollegial. Und so sind unsere <strong>Produkte<\/strong>. F\u00fcr jeden sichtbar, im traditionellen, dabei hoch hygienischen Weckglas. Frisch gekocht. Frisch auf den Tisch.<br>Kontor steht schon seit den Tagen der Hanse f\u00fcr einen freien Handelsplatz. Und hier b\u00fcndelt Hermannsdorfers Kontor alle Erfahrungen aus Vertrieb und Produktion.<br>Immer <strong>unabh\u00e4ngig<\/strong>. Deshalb nicht durch interne Zahlenvorgaben oder vorgegebene T\u00e4tigkeitsberichte gesteuert. Wir bei Hermannsdorfers Kontor bevorzugen das pers\u00f6nliche Kennenlernen und echte Wertsch\u00e4tzung vor dem elektronischen Kontakt.&nbsp;<\/p>\n\n\n\n<p><strong>Vertrieb:<\/strong><\/p>\n\n\n\n<ul class=\"wp-block-list\"><li>Flexibilit\u00e4t und Kundenn\u00e4he, Schnelligkeit<\/li><li>Wirtschaftlichkeit mit Transparenz<\/li><li>Professionalit\u00e4t<\/li><li>Menschsein und Menschsein-Lassen mit Kanten, Toleranz und Offenheit<\/li><li>Fairness, denn ein gutes Gesch\u00e4ft ist ein langfristiges Gesch\u00e4ft, das f\u00fcr zwei Seiten ein Erfolg ist<\/li><li>Flei\u00df<\/li><\/ul>\n\n\n\n<p><strong>Qualit\u00e4t:<\/strong><\/p>\n\n\n\n<ul class=\"wp-block-list\"><li>Frische und Regionalbezug<\/li><li>Bezugsquellensicherheit<\/li><li>frei von Zusatzstoffen<\/li><li>bek\u00f6mmliche Lebensmittel und schonende Zubereitung<\/li><li>selbst gesammelte Kr\u00e4uter<\/li><li>korrektes Preis-\/Leistungsverh\u00e4ltnis<\/li><li>innovative und kreative Angebote wie, \u201eBuffet im Glas\u201c oder \u201eMen\u00fc im Glas\u201c<\/li><li>inspiriert durch zwei Gro\u00dfm\u00fctter, Wiener K\u00fcche, mediterrane K\u00fcche<\/li><\/ul>\n\n\n\n<p><strong>Pers\u00f6nliches:<\/strong><br>Waldlauf, Bergsteigen<br>Gitarre spielen<br>Malen und Zeichnen<br>Frankreich mit Leuten und Sprache<br>Meditation<\/p>\n","protected":false},"excerpt":{"rendered":"<p>Kontor ist das Dach f\u00fcr unsere Unternehmensbereiche. Kontor, franz\u00f6sisch \u201eComptoir\u201c, ist der Ladentisch, \u00fcber den Gesch\u00e4fte offen abgewickelt werden. F\u00fcr uns hei\u00dft das: offen und ehrlich, transparent und klar. So sind unsere Dienstleistungen. Fair, partnerschaftlich, kollegial. Und so sind unsere Produkte. F\u00fcr jeden sichtbar, im traditionellen, dabei hoch hygienischen Weckglas. Frisch gekocht. Frisch auf den Tisch.Kontor steht schon seit den Tagen der Hanse f\u00fcr einen freien Handelsplatz. Und hier b\u00fcndelt Hermannsdorfers Kontor alle Erfahrungen aus Vertrieb und Produktion.Immer unabh\u00e4ngig. Deshalb nicht durch interne Zahlenvorgaben oder vorgegebene T\u00e4tigkeitsberichte gesteuert. Wir bei Hermannsdorfers Kontor bevorzugen das pers\u00f6nliche Kennenlernen und echte Wertsch\u00e4tzung vor dem elektronischen Kontakt.&nbsp; Vertrieb: Flexibilit\u00e4t und Kundenn\u00e4he, Schnelligkeit Wirtschaftlichkeit mit Transparenz Professionalit\u00e4t Menschsein und Menschsein-Lassen mit Kanten, Toleranz und Offenheit Fairness, denn ein gutes Gesch\u00e4ft ist ein langfristiges Gesch\u00e4ft, das f\u00fcr zwei Seiten ein Erfolg ist Flei\u00df Qualit\u00e4t: Frische und Regionalbezug Bezugsquellensicherheit frei von Zusatzstoffen bek\u00f6mmliche Lebensmittel und schonende Zubereitung selbst gesammelte Kr\u00e4uter korrektes Preis-\/Leistungsverh\u00e4ltnis innovative und kreative Angebote wie, \u201eBuffet im Glas\u201c oder \u201eMen\u00fc im Glas\u201c inspiriert durch zwei Gro\u00dfm\u00fctter, Wiener K\u00fcche, mediterrane K\u00fcche Pers\u00f6nliches:Waldlauf, BergsteigenGitarre spielenMalen und ZeichnenFrankreich mit Leuten und SpracheMeditation<\/p>\n","protected":false},"author":1,"featured_media":0,"parent":0,"menu_order":0,"comment_status":"closed","ping_status":"closed","template":"","meta":{"footnotes":""},"class_list":["post-127","page","type-page","status-publish","hentry"],"acf":[],"_links":{"self":[{"href":"https:\/\/www.hermannsdorfers-kontor.de\/index.php\/wp-json\/wp\/v2\/pages\/127","targetHints":{"allow":["GET"]}}],"collection":[{"href":"https:\/\/www.hermannsdorfers-kontor.de\/index.php\/wp-json\/wp\/v2\/pages"}],"about":[{"href":"https:\/\/www.hermannsdorfers-kontor.de\/index.php\/wp-json\/wp\/v2\/types\/page"}],"author":[{"embeddable":true,"href":"https:\/\/www.hermannsdorfers-kontor.de\/index.php\/wp-json\/wp\/v2\/users\/1"}],"replies":[{"embeddable":true,"href":"https:\/\/www.hermannsdorfers-kontor.de\/index.php\/wp-json\/wp\/v2\/comments?post=127"}],"version-history":[{"count":3,"href":"https:\/\/www.hermannsdorfers-kontor.de\/index.php\/wp-json\/wp\/v2\/pages\/127\/revisions"}],"predecessor-version":[{"id":855,"href":"https:\/\/www.hermannsdorfers-kontor.de\/index.php\/wp-json\/wp\/v2\/pages\/127\/revisions\/855"}],"wp:attachment":[{"href":"https:\/\/www.hermannsdorfers-kontor.de\/index.php\/wp-json\/wp\/v2\/media?parent=127"}],"curies":[{"name":"wp","href":"https:\/\/api.w.org\/{rel}","templated":true}]}}