{"id":84,"date":"2020-10-04T15:16:53","date_gmt":"2020-10-04T13:16:53","guid":{"rendered":"http:\/\/cms.hermannsdorfers-kontor.de\/?page_id=84"},"modified":"2023-12-12T16:52:30","modified_gmt":"2023-12-12T15:52:30","slug":"hermannsdorfers-im-schuetzenhaus","status":"publish","type":"page","link":"https:\/\/www.hermannsdorfers-kontor.de\/index.php\/hermannsdorfers-im-schuetzenhaus\/","title":{"rendered":"Hermannsdorfers im Sch\u00fctzenhaus"},"content":{"rendered":"\n<p id=\"page-title\"><strong>Eine Info zum nun dauerhaft  geschlossenen Lokal &#8222;Hermannsdorfers im Sch\u00fctzenhaus,<\/strong>&#8222;<br>dem originellen Restaurant mit Biergarten und Kontormarkt, wo Sie den Blick auf den S\u00e4ntis genie\u00dfen  es sich gut gehen lassen konnten.<\/p>\n\n\n\n<figure class=\"wp-block-image size-large\"><img decoding=\"async\" src=\"https:\/\/www.hermannsdorfers-kontor.de\/wp-content\/uploads\/2020\/10\/Gastraum_panorama_2-1024x311.jpg\" alt=\"\"\/><\/figure>\n\n\n\n<p>Sch\u00fctzenstra\u00dfe 2, 88718 Daisendorf, Tel: 07532-3108830 (<a href=\"https:\/\/www.hermannsdorfers-kontor.de\/wp-content\/uploads\/2020\/10\/Ortsplan2Anfahrtskizze2_rotated-1.pdf\" data-type=\"URL\" target=\"_blank\" rel=\"noreferrer noopener\">Anfahrt<\/a>) in unmittelbarer N\u00e4he befanden sich Spielplatz, Bouleplatz, Wanderwege, Wildgehege, Sportpl\u00e4tze, Kr\u00e4uter- und Wildkr\u00e4uterpflanzung zum Haus geh\u00f6rend und Parkpl\u00e4tze.<\/p>\n\n\n\n<p><strong><u>\u00d6FFNUNGSZEITEN:<\/u><\/strong><br>geschlossen.<br><strong><u>Infos zur Speisekarte: <\/u>Unser Motto lautete: Badisch-schw\u00e4bisch-weltoffen&#8220;. K\u00fcche mit der Frische von WildKr\u00e4utern &amp; Gew\u00fcrzen, auch in der vegetarischen Kombination mit Gem\u00fcsen.<\/strong><\/p>\n\n\n\n<p>Wir hatten viele G\u00e4ste, die unser <strong>Catering<\/strong> sch\u00e4tzten (au\u00dfer Haus bis 120 Personen auch diverse Hochzeiten) und <strong>Veranstaltungen<\/strong> bei uns im Haus durchf\u00fchrten. Gegebenenfalls auch au\u00dferhalb der \u00d6ffnungszeiten. Dabei konnten wir bis zu ca. 70 Personen als geschlossene Veranstaltung bewirten. Bei bis zu 55 Personen blieb auch noch Platz f\u00fcr eine kleine Tanzfl\u00e4che. Sprechen Sie uns doch einfach an.<\/p>\n\n\n\n<p>Damit Sie wissen, was Sie erwartete, war unsere jeweils laufende w\u00f6chentliche Speisekarte unter Aktuelles (als Startseite) online gestellt und war dort auf dem letzten Stand<u>.<\/u><\/p>\n\n\n\n<p>Einen Brunch machten wir gerne ab ca. 30-35 Personen auf Anfrage.<\/p>\n\n\n\n<p><strong>Unsere Bezugsquellen:<\/strong> Bio-M\u00fcller Stetten f\u00fcr Salat, Gem\u00fcse, Obst; Fairfleisch \u00dcberlingen (Bio- und Fairfleischschlachthof); Biok\u00e4serei Moser Ahausen; Sch\u00e4ferei Gulde in Buggensegel; Fischer Norbert Knoblauch Uhldingen, Fischhandel Andreas Knoblauch Uhldingen; M\u00fchle Neufrach (Mehl); Landmetzgerei Engler Honstetten;  Charcuterie Lacoste in Salers; G\u00e4nse und Entenmetzger Escudier in Castelnaudary; Mme. Vidal St. Jean du Bruel( Terrinen); FromagerieCoop. St. Bonnet de Salers; La Cave et  Maison Barrouze in Salers-Yann Holley (Weine- Senf- Feinkost); Biok\u00e4serei Chapelle des Bois;  Conserverie La Belliloise; ProHoga Gastrospezialist in Schweninngen; diverse private Gartenbesitzer und Sammler von unbehandelten Fr\u00fcchten, die Natur auf unseren Einkaufs- und Erholungsreisen, regionale Gro\u00dfh\u00e4ndler.<\/p>\n\n\n\n<p><strong>Gen\u00fcgend Parkpl\u00e4tze direkt am Haus.<\/strong><\/p>\n\n\n\n<figure class=\"wp-block-image size-large\"><img decoding=\"async\" src=\"https:\/\/www.hermannsdorfers-kontor.de\/wp-content\/uploads\/2020\/10\/Schuetzenhaus-aussen12.jpg\" alt=\"\"\/><\/figure>\n","protected":false},"excerpt":{"rendered":"<p>Eine Info zum nun dauerhaft geschlossenen Lokal &#8222;Hermannsdorfers im Sch\u00fctzenhaus,&#8222;dem originellen Restaurant mit Biergarten und Kontormarkt, wo Sie den Blick auf den S\u00e4ntis genie\u00dfen es sich gut gehen lassen konnten. Sch\u00fctzenstra\u00dfe 2, 88718 Daisendorf, Tel: 07532-3108830 (Anfahrt) in unmittelbarer N\u00e4he befanden sich Spielplatz, Bouleplatz, Wanderwege, Wildgehege, Sportpl\u00e4tze, Kr\u00e4uter- und Wildkr\u00e4uterpflanzung zum Haus geh\u00f6rend und Parkpl\u00e4tze. \u00d6FFNUNGSZEITEN:geschlossen.Infos zur Speisekarte: Unser Motto lautete: Badisch-schw\u00e4bisch-weltoffen&#8220;. K\u00fcche mit der Frische von WildKr\u00e4utern &amp; Gew\u00fcrzen, auch in der vegetarischen Kombination mit Gem\u00fcsen. Wir hatten viele G\u00e4ste, die unser Catering sch\u00e4tzten (au\u00dfer Haus bis 120 Personen auch diverse Hochzeiten) und Veranstaltungen bei uns im Haus durchf\u00fchrten. Gegebenenfalls auch au\u00dferhalb der \u00d6ffnungszeiten. Dabei konnten wir bis zu ca. 70 Personen als geschlossene Veranstaltung bewirten. Bei bis zu 55 Personen blieb auch noch Platz f\u00fcr eine kleine Tanzfl\u00e4che. Sprechen Sie uns doch einfach an. Damit Sie wissen, was Sie erwartete, war unsere jeweils laufende w\u00f6chentliche Speisekarte unter Aktuelles (als Startseite) online gestellt und war dort auf dem letzten Stand. Einen Brunch machten wir gerne ab ca. 30-35 Personen auf Anfrage. Unsere Bezugsquellen: Bio-M\u00fcller Stetten f\u00fcr Salat, Gem\u00fcse, Obst; Fairfleisch \u00dcberlingen (Bio- und Fairfleischschlachthof); Biok\u00e4serei Moser Ahausen; Sch\u00e4ferei Gulde in Buggensegel; Fischer Norbert Knoblauch Uhldingen, Fischhandel Andreas Knoblauch Uhldingen; M\u00fchle Neufrach (Mehl); Landmetzgerei Engler Honstetten; Charcuterie Lacoste in Salers; G\u00e4nse und Entenmetzger Escudier in Castelnaudary; Mme. Vidal St. Jean du Bruel( Terrinen); FromagerieCoop. St. Bonnet de Salers; La Cave et Maison Barrouze in Salers-Yann Holley (Weine- Senf- Feinkost); Biok\u00e4serei Chapelle des Bois; Conserverie La Belliloise; ProHoga Gastrospezialist in Schweninngen; diverse private Gartenbesitzer und Sammler von unbehandelten Fr\u00fcchten, die Natur auf unseren Einkaufs- und Erholungsreisen, regionale Gro\u00dfh\u00e4ndler. Gen\u00fcgend Parkpl\u00e4tze direkt am Haus.<\/p>\n","protected":false},"author":1,"featured_media":0,"parent":0,"menu_order":0,"comment_status":"closed","ping_status":"closed","template":"","meta":{"footnotes":""},"class_list":["post-84","page","type-page","status-publish","hentry"],"acf":[],"_links":{"self":[{"href":"https:\/\/www.hermannsdorfers-kontor.de\/index.php\/wp-json\/wp\/v2\/pages\/84","targetHints":{"allow":["GET"]}}],"collection":[{"href":"https:\/\/www.hermannsdorfers-kontor.de\/index.php\/wp-json\/wp\/v2\/pages"}],"about":[{"href":"https:\/\/www.hermannsdorfers-kontor.de\/index.php\/wp-json\/wp\/v2\/types\/page"}],"author":[{"embeddable":true,"href":"https:\/\/www.hermannsdorfers-kontor.de\/index.php\/wp-json\/wp\/v2\/users\/1"}],"replies":[{"embeddable":true,"href":"https:\/\/www.hermannsdorfers-kontor.de\/index.php\/wp-json\/wp\/v2\/comments?post=84"}],"version-history":[{"count":11,"href":"https:\/\/www.hermannsdorfers-kontor.de\/index.php\/wp-json\/wp\/v2\/pages\/84\/revisions"}],"predecessor-version":[{"id":3999,"href":"https:\/\/www.hermannsdorfers-kontor.de\/index.php\/wp-json\/wp\/v2\/pages\/84\/revisions\/3999"}],"wp:attachment":[{"href":"https:\/\/www.hermannsdorfers-kontor.de\/index.php\/wp-json\/wp\/v2\/media?parent=84"}],"curies":[{"name":"wp","href":"https:\/\/api.w.org\/{rel}","templated":true}]}}